{"id":48,"date":"2025-08-13T12:04:48","date_gmt":"2025-08-13T12:04:48","guid":{"rendered":"https:\/\/proyecto2.kodyto.com\/?page_id=48"},"modified":"2025-08-13T13:07:15","modified_gmt":"2025-08-13T13:07:15","slug":"sobre-mi","status":"publish","type":"page","link":"https:\/\/proyecto2.kodyto.com\/?page_id=48","title":{"rendered":"Sobre m\u00ed"},"content":{"rendered":"\n<div class=\"wp-block-query is-layout-flow wp-block-query-is-layout-flow\"><ul class=\"wp-block-post-template is-layout-flow wp-block-post-template-is-layout-flow\"><li class=\"wp-block-post post-1 post type-post status-publish format-standard hentry category-uncategorized\">\n\n<div class=\"wp-block-columns alignwide is-layout-flex wp-container-core-columns-is-layout-9d6595d7 wp-block-columns-is-layout-flex\" style=\"font-size:18px\">\n<div class=\"wp-block-column is-layout-flow wp-block-column-is-layout-flow\" style=\"flex-basis:45%\">\n<figure class=\"wp-block-image size-large\"><img loading=\"lazy\" decoding=\"async\" width=\"1024\" height=\"1024\" src=\"https:\/\/proyecto2.kodyto.com\/wp-content\/uploads\/2025\/08\/retrato-de-sonriente-joven-encantador-en-camiseta-gris-de-pie-contra-el-fondo-liso-1024x1024.jpg\" alt=\"\" class=\"wp-image-49\" srcset=\"https:\/\/proyecto2.kodyto.com\/wp-content\/uploads\/2025\/08\/retrato-de-sonriente-joven-encantador-en-camiseta-gris-de-pie-contra-el-fondo-liso-1024x1024.jpg 1024w, https:\/\/proyecto2.kodyto.com\/wp-content\/uploads\/2025\/08\/retrato-de-sonriente-joven-encantador-en-camiseta-gris-de-pie-contra-el-fondo-liso-300x300.jpg 300w, https:\/\/proyecto2.kodyto.com\/wp-content\/uploads\/2025\/08\/retrato-de-sonriente-joven-encantador-en-camiseta-gris-de-pie-contra-el-fondo-liso-150x150.jpg 150w, https:\/\/proyecto2.kodyto.com\/wp-content\/uploads\/2025\/08\/retrato-de-sonriente-joven-encantador-en-camiseta-gris-de-pie-contra-el-fondo-liso-768x768.jpg 768w, https:\/\/proyecto2.kodyto.com\/wp-content\/uploads\/2025\/08\/retrato-de-sonriente-joven-encantador-en-camiseta-gris-de-pie-contra-el-fondo-liso-1536x1536.jpg 1536w, https:\/\/proyecto2.kodyto.com\/wp-content\/uploads\/2025\/08\/retrato-de-sonriente-joven-encantador-en-camiseta-gris-de-pie-contra-el-fondo-liso-2048x2048.jpg 2048w\" sizes=\"auto, (max-width: 1024px) 100vw, 1024px\" \/><\/figure>\n<\/div>\n\n\n\n<div class=\"wp-block-column is-vertically-aligned-top is-layout-flow wp-block-column-is-layout-flow\" style=\"flex-basis:45%\">\n<div class=\"wp-block-columns is-layout-flex wp-container-core-columns-is-layout-9d6595d7 wp-block-columns-is-layout-flex\">\n<div class=\"wp-block-column is-layout-flow wp-block-column-is-layout-flow\" style=\"flex-basis:100%\"><style>.wp-block-kadence-advancedheading.kt-adv-heading48_6ddfb6-cb, .wp-block-kadence-advancedheading.kt-adv-heading48_6ddfb6-cb[data-kb-block=\"kb-adv-heading48_6ddfb6-cb\"]{padding-right:var(--global-kb-spacing-sm, 1.5rem);padding-left:var(--global-kb-spacing-sm, 1.5rem);font-style:normal;}.wp-block-kadence-advancedheading.kt-adv-heading48_6ddfb6-cb mark.kt-highlight, .wp-block-kadence-advancedheading.kt-adv-heading48_6ddfb6-cb[data-kb-block=\"kb-adv-heading48_6ddfb6-cb\"] mark.kt-highlight{font-style:normal;color:#f76a0c;-webkit-box-decoration-break:clone;box-decoration-break:clone;padding-top:0px;padding-right:0px;padding-bottom:0px;padding-left:0px;}.wp-block-kadence-advancedheading.kt-adv-heading48_6ddfb6-cb img.kb-inline-image, .wp-block-kadence-advancedheading.kt-adv-heading48_6ddfb6-cb[data-kb-block=\"kb-adv-heading48_6ddfb6-cb\"] img.kb-inline-image{width:150px;vertical-align:baseline;}<\/style>\n<h2 class=\"kt-adv-heading48_6ddfb6-cb wp-block-kadence-advancedheading\" data-kb-block=\"kb-adv-heading48_6ddfb6-cb\">Hola, soy Juan, y mi pasi\u00f3n es hacer que las historias brillen.<\/h2>\n\n\n<style>.wp-block-kadence-advancedheading.kt-adv-heading48_8dc8d6-e3, .wp-block-kadence-advancedheading.kt-adv-heading48_8dc8d6-e3[data-kb-block=\"kb-adv-heading48_8dc8d6-e3\"]{padding-right:var(--global-kb-spacing-sm, 1.5rem);padding-left:var(--global-kb-spacing-sm, 1.5rem);font-style:normal;}.wp-block-kadence-advancedheading.kt-adv-heading48_8dc8d6-e3 mark.kt-highlight, .wp-block-kadence-advancedheading.kt-adv-heading48_8dc8d6-e3[data-kb-block=\"kb-adv-heading48_8dc8d6-e3\"] mark.kt-highlight{font-style:normal;color:#f76a0c;-webkit-box-decoration-break:clone;box-decoration-break:clone;padding-top:0px;padding-right:0px;padding-bottom:0px;padding-left:0px;}.wp-block-kadence-advancedheading.kt-adv-heading48_8dc8d6-e3 img.kb-inline-image, .wp-block-kadence-advancedheading.kt-adv-heading48_8dc8d6-e3[data-kb-block=\"kb-adv-heading48_8dc8d6-e3\"] img.kb-inline-image{width:150px;vertical-align:baseline;}<\/style>\n<p class=\"kt-adv-heading48_8dc8d6-e3 wp-block-kadence-advancedheading\" data-kb-block=\"kb-adv-heading48_8dc8d6-e3\">        Como autor, sabes que tu voz y tu visi\u00f3n son lo m\u00e1s importante. Mi rol como editor no es cambiar esa voz, sino perfeccionarla. Mi misi\u00f3n es acompa\u00f1arte en el emocionante proceso de transformar un manuscrito prometedor en una obra pulida y profesional, lista para cautivar a los lectores.<\/p>\n\n\n<style>.wp-block-kadence-advancedheading.kt-adv-heading48_c2c02e-37, .wp-block-kadence-advancedheading.kt-adv-heading48_c2c02e-37[data-kb-block=\"kb-adv-heading48_c2c02e-37\"]{padding-right:var(--global-kb-spacing-sm, 1.5rem);padding-left:var(--global-kb-spacing-sm, 1.5rem);font-style:normal;}.wp-block-kadence-advancedheading.kt-adv-heading48_c2c02e-37 mark.kt-highlight, .wp-block-kadence-advancedheading.kt-adv-heading48_c2c02e-37[data-kb-block=\"kb-adv-heading48_c2c02e-37\"] mark.kt-highlight{font-style:normal;color:#f76a0c;-webkit-box-decoration-break:clone;box-decoration-break:clone;padding-top:0px;padding-right:0px;padding-bottom:0px;padding-left:0px;}.wp-block-kadence-advancedheading.kt-adv-heading48_c2c02e-37 img.kb-inline-image, .wp-block-kadence-advancedheading.kt-adv-heading48_c2c02e-37[data-kb-block=\"kb-adv-heading48_c2c02e-37\"] img.kb-inline-image{width:150px;vertical-align:baseline;}<\/style>\n<p class=\"kt-adv-heading48_c2c02e-37 wp-block-kadence-advancedheading\" data-kb-block=\"kb-adv-heading48_c2c02e-37\">        Con m\u00e1s de diez a\u00f1os en el mundo editorial, ofrezco una mirada experta y meticulosa para pulir cada frase, mejorar el ritmo narrativo y eliminar cualquier error que pueda distraer al lector. Mi objetivo es asegurar que tu libro no solo sea impecable, sino que tambi\u00e9n comunique con la m\u00e1xima claridad e impacto.<\/p>\n\n\n<style>.wp-block-kadence-advancedheading.kt-adv-heading48_eb7453-6b, .wp-block-kadence-advancedheading.kt-adv-heading48_eb7453-6b[data-kb-block=\"kb-adv-heading48_eb7453-6b\"]{padding-right:var(--global-kb-spacing-sm, 1.5rem);padding-left:var(--global-kb-spacing-sm, 1.5rem);font-style:normal;}.wp-block-kadence-advancedheading.kt-adv-heading48_eb7453-6b mark.kt-highlight, .wp-block-kadence-advancedheading.kt-adv-heading48_eb7453-6b[data-kb-block=\"kb-adv-heading48_eb7453-6b\"] mark.kt-highlight{font-style:normal;color:#f76a0c;-webkit-box-decoration-break:clone;box-decoration-break:clone;padding-top:0px;padding-right:0px;padding-bottom:0px;padding-left:0px;}.wp-block-kadence-advancedheading.kt-adv-heading48_eb7453-6b img.kb-inline-image, .wp-block-kadence-advancedheading.kt-adv-heading48_eb7453-6b[data-kb-block=\"kb-adv-heading48_eb7453-6b\"] img.kb-inline-image{width:150px;vertical-align:baseline;}<\/style>\n<p class=\"kt-adv-heading48_eb7453-6b wp-block-kadence-advancedheading\" data-kb-block=\"kb-adv-heading48_eb7453-6b\">        Entiendo el valor de tu trabajo, y por eso mi enfoque es siempre colaborativo. Estoy aqu\u00ed para ser tu socio\/a editorial y darte la confianza que necesitas para presentar tu historia al mundo.<br>Me encantar\u00eda conocer tu proyecto. <strong>Hablemos de tu libro.<\/strong><\/p>\n<\/div>\n<\/div>\n<\/div>\n<\/div>\n\n<\/li><\/ul><\/div>\n","protected":false},"excerpt":{"rendered":"","protected":false},"author":1,"featured_media":49,"parent":0,"menu_order":0,"comment_status":"closed","ping_status":"closed","template":"","meta":{"footnotes":""},"class_list":["post-48","page","type-page","status-publish","has-post-thumbnail"],"_links":{"self":[{"href":"https:\/\/proyecto2.kodyto.com\/index.php?rest_route=\/wp\/v2\/pages\/48","targetHints":{"allow":["GET"]}}],"collection":[{"href":"https:\/\/proyecto2.kodyto.com\/index.php?rest_route=\/wp\/v2\/pages"}],"about":[{"href":"https:\/\/proyecto2.kodyto.com\/index.php?rest_route=\/wp\/v2\/types\/page"}],"author":[{"embeddable":true,"href":"https:\/\/proyecto2.kodyto.com\/index.php?rest_route=\/wp\/v2\/users\/1"}],"replies":[{"embeddable":true,"href":"https:\/\/proyecto2.kodyto.com\/index.php?rest_route=%2Fwp%2Fv2%2Fcomments&post=48"}],"version-history":[{"count":6,"href":"https:\/\/proyecto2.kodyto.com\/index.php?rest_route=\/wp\/v2\/pages\/48\/revisions"}],"predecessor-version":[{"id":78,"href":"https:\/\/proyecto2.kodyto.com\/index.php?rest_route=\/wp\/v2\/pages\/48\/revisions\/78"}],"wp:featuredmedia":[{"embeddable":true,"href":"https:\/\/proyecto2.kodyto.com\/index.php?rest_route=\/wp\/v2\/media\/49"}],"wp:attachment":[{"href":"https:\/\/proyecto2.kodyto.com\/index.php?rest_route=%2Fwp%2Fv2%2Fmedia&parent=48"}],"curies":[{"name":"wp","href":"https:\/\/api.w.org\/{rel}","templated":true}]}}